{"id":564,"date":"2024-03-26T08:57:23","date_gmt":"2024-03-26T08:57:23","guid":{"rendered":"http:\/\/paumirabet.com\/?page_id=564"},"modified":"2024-04-09T15:33:30","modified_gmt":"2024-04-09T15:33:30","slug":"bio-es","status":"publish","type":"page","link":"http:\/\/paumirabet.com\/?page_id=564&lang=es","title":{"rendered":"Bio"},"content":{"rendered":"\r\n\r\n\r\n<p>&nbsp;<\/p>\r\n<p>&nbsp;<\/p>\r\n\r\n\r\n\r\n<p>Pau ha estado filmando largometrajes y documentales por todo el mundo durante unos 20 a\u00f1os. Disfrutando del proceso de hacer cine y deleit\u00e1ndose en viajar, Pau ha desarrollado un ojo personal \u00fanico, as\u00ed como un gusto por la luz simple, exquisita y emocional, creando un trabajo de c\u00e1mara significativo y perfeccionista. Le gusta utilizar la luz natural disponible y perfeccionarla siempre que sea posible. Cuando la luz natural hace lo que la naturaleza quiere o en el estudio, le gustan las configuraciones de iluminaci\u00f3n inteligentes, coherentes y no molestas, permitiendo a los actores la m\u00e1xima concentraci\u00f3n y libertad para su mejor actuaci\u00f3n. Los proyectos que ha filmado han ganado m\u00e1s de 40 premios y su cinematograf\u00eda ha sido galardonada varias veces, entre ellas, una menci\u00f3n honor\u00edfica en el prestigioso CAMERIMAGE 2010.<\/p>\r\n<p>Nacido en Barcelona en 1977, estudi\u00f3 Ingenier\u00eda, Cine y Cinematograf\u00eda, especializ\u00e1ndose en direcci\u00f3n de fotograf\u00eda. Comenz\u00f3 su carrera profesional en el departamento de c\u00e1mara en varias pel\u00edculas de Peter Greenaway, debutando como director de fotograf\u00eda en 2002, comenzando filmando videoclips y comerciales para reconocidos directores de cine como Santiago Zannou y Claudia Llosa, as\u00ed como piezas de arte para La Fura dels Baus. Durante estos primeros a\u00f1os comenz\u00f3 su colaboraci\u00f3n con el director de teatro y guionista Ivan Morales. Despu\u00e9s de esto, film\u00f3 su primer largometraje en 2005 y se embarc\u00f3 en el rodaje de tres pel\u00edculas documentales etnogr\u00e1ficas para la televisi\u00f3n nacional, que lo llevaron a las islas m\u00e1s remotas de Asia. Desde entonces ha estado filmando comerciales, v\u00eddeos musicales, documentales y largometrajes en todo el mundo (Espa\u00f1a, Francia, Suiza, Holanda, Alemania, Italia, Reino Unido, Irlanda, Grecia, Estados Unidos, Canad\u00e1, India, Emiratos \u00c1rabes Unidos, Mongolia, Portugal, Corea del Sur, Jap\u00f3n, Rusia, B\u00e9lgica, Marruecos, Argelia, Senegal, Gambia, Sud\u00e1frica, Indonesia, T\u00fanez, Austria, Rep\u00fablica Checa y Singapur son solo algunos de los pa\u00edses en los que ha estado filmando).<\/p>\r\n<p>En 2009 rod\u00f3 el documental de culto &#8220;La tierra habitada&#8221; (una de sus pel\u00edculas m\u00e1s apreciadas) en Mongolia y Rusia. Esto fue reconocido y premiado en DocsLisboa. En 2010, &#8220;Cartas del desierto&#8221;, una producci\u00f3n italiana filmada en el desierto de Tar, gan\u00f3 m\u00e1s de 20 premios, entre ellos varios que reconocieron su habilidad en cinematograf\u00eda, incluida la respetada Cameraimage 2010 (menci\u00f3n honor\u00edfica), as\u00ed como premios de cinematograf\u00eda en Los Angeles Movie Awards y Levante International Film Festival, Bari. El largometraje &#8220;Buscando a Eimish&#8221;, realizado en 2011 con Emma Su\u00e1rez, \u00d3scar Jaenada y Birol \u00dcnel, se film\u00f3 en Espa\u00f1a, Alemania e Italia. Su cinematograf\u00eda en el cortometraje &#8220;El \u00fanico hombre&#8221; fue premiada en el Festival de Cine de Nueva Delhi en\u00a0 2013.<\/p>\r\n<p>Despu\u00e9s de eso, se embarc\u00f3 en producciones internacionales de largometrajes &#8220;Nightworld&#8221; y &#8220;Los fantasmas de Garip&#8221; que lo llevaron a Bulgaria e Istambul, y lo hicieron abandonar la filmaci\u00f3n de comerciales para concentrarse solo en largometrajes y documentales. Su largometraje &#8220;Palestina&#8221; es un drama ambientado en la ciudad cerrada de Hebr\u00f3n, filmado en Marruecos y dirigido por Julio Soto Gurpide, seguido por &#8220;El hombre que quer\u00eda verlo todo&#8221;, un exquisito documental sobre los \u00faltimos d\u00edas del hombre m\u00e1s viajado de la historia de la humanidad, filmado en el Reino Unido, Alemania, Hong Kong, Jap\u00f3n y Espa\u00f1a. Sus \u00faltimos trabajos son la serie de alto nivel de Netflix &#8220;Criminal&#8221;, y lo llevaron a trabajar con los directores premiados Mariano Barroso, Fr\u00e9d\u00e9ric Mermoud y Oliver Hirschbiegel, y &#8220;Girl Next&#8221;, una producci\u00f3n estadounidense de Larry Wade Carrell filmada enteramente en Texas. En 2021 rod\u00f3 &#8220;Los fantasmas del lunes&#8221; de Francesco Cinquemani, en Chipre y &#8220;El diablo cu\u00e1ntico&#8221; nuevamente con Larry Wade Carrel, producci\u00f3n estadounidense filmada en Belgrado.<\/p>\r\n<p>En 2022, se embarc\u00f3 nuevamente con el director premiado Oliver Hirschbigel en la miniserie de alto nivel &#8220;Unwanted&#8221;, para Sky Studios, y en 2023 rod\u00f3 la miniserie original de Netflix &#8220;Asaf, La historia de un hombre serio&#8221;, filmada \u00edntegramente en la ciudad de Estambul.<\/p>\r\n<p>Su otra pasi\u00f3n es la Historia del Arte, y regularmente imparte conferencias sobre Historia de la Pintura y Psicolog\u00eda de la Imagen en la Universitat Internacional de Catalunya.<\/p>\r\n<p>Pau habla ingl\u00e9s, espa\u00f1ol y catal\u00e1n fluidamente y trabaja en italiano. Tiene su base en Barcelona.<\/p>\r\n\r\n\r\n","protected":false},"excerpt":{"rendered":"<p>&nbsp; &nbsp; Pau ha estado filmando largometrajes y documentales por todo el mundo durante unos 20 a\u00f1os. Disfrutando del proceso de hacer cine y deleit\u00e1ndose en viajar, Pau ha desarrollado un ojo personal \u00fanico, as\u00ed como un gusto por la luz simple, exquisita y emocional, creando un trabajo de c\u00e1mara significativo y perfeccionista. Le gusta [&hellip;]<\/p>\n","protected":false},"author":1,"featured_media":547,"parent":0,"menu_order":0,"comment_status":"closed","ping_status":"closed","template":"","meta":{"_acf_changed":false,"footnotes":""},"acf":[],"lang":"es","translations":{"es":564,"en":164},"pll_sync_post":[],"_links":{"self":[{"href":"http:\/\/paumirabet.com\/index.php?rest_route=\/wp\/v2\/pages\/564"}],"collection":[{"href":"http:\/\/paumirabet.com\/index.php?rest_route=\/wp\/v2\/pages"}],"about":[{"href":"http:\/\/paumirabet.com\/index.php?rest_route=\/wp\/v2\/types\/page"}],"author":[{"embeddable":true,"href":"http:\/\/paumirabet.com\/index.php?rest_route=\/wp\/v2\/users\/1"}],"replies":[{"embeddable":true,"href":"http:\/\/paumirabet.com\/index.php?rest_route=%2Fwp%2Fv2%2Fcomments&post=564"}],"version-history":[{"count":1,"href":"http:\/\/paumirabet.com\/index.php?rest_route=\/wp\/v2\/pages\/564\/revisions"}],"predecessor-version":[{"id":1093,"href":"http:\/\/paumirabet.com\/index.php?rest_route=\/wp\/v2\/pages\/564\/revisions\/1093"}],"wp:featuredmedia":[{"embeddable":true,"href":"http:\/\/paumirabet.com\/index.php?rest_route=\/wp\/v2\/media\/547"}],"wp:attachment":[{"href":"http:\/\/paumirabet.com\/index.php?rest_route=%2Fwp%2Fv2%2Fmedia&parent=564"}],"curies":[{"name":"wp","href":"https:\/\/api.w.org\/{rel}","templated":true}]}}